{"id":18040,"date":"2020-10-01T12:22:26","date_gmt":"2020-10-01T16:22:26","guid":{"rendered":"https:\/\/valhallamassage.ca\/contactez-nous-massotherapie-orthotherapie\/"},"modified":"2024-05-14T10:35:43","modified_gmt":"2024-05-14T14:35:43","slug":"contact-us-massotherapie-orthotherapie","status":"publish","type":"page","link":"https:\/\/valhallamassage.ca\/en\/contact-us-massotherapie-orthotherapie\/","title":{"rendered":"Contact us"},"content":{"rendered":"\t\t<div data-elementor-type=\"wp-page\" data-elementor-id=\"18040\" class=\"elementor elementor-18040 elementor-3718\">\n\t\t\t\t\t\t\t\t\t<section class=\"elementor-section elementor-top-section elementor-element elementor-element-4a05822 qodef-elementor-content-grid elementor-reverse-tablet elementor-reverse-mobile elementor-section-boxed elementor-section-height-default elementor-section-height-default\" data-id=\"4a05822\" data-element_type=\"section\">\n\t\t\t\t\t\t<div class=\"elementor-container elementor-column-gap-default\">\n\t\t\t\t\t<div class=\"elementor-column elementor-col-50 elementor-top-column elementor-element elementor-element-9d1e218\" data-id=\"9d1e218\" data-element_type=\"column\">\n\t\t\t<div class=\"elementor-widget-wrap elementor-element-populated\">\n\t\t\t\t\t\t\t\t<div class=\"elementor-element elementor-element-daa6a07 elementor-widget elementor-widget-reina_core_section_title\" data-id=\"daa6a07\" data-element_type=\"widget\" data-widget_type=\"reina_core_section_title.default\">\n\t\t\t\t<div class=\"elementor-widget-container\">\n\t\t\t<div class=\"qodef-shortcode qodef-m  qodef-section-title  \">\n\t<div class=\"qodef-m-heading\">\n\t\t\t\t\t<h5 class=\"qodef-m-title\" >\n\t\t\t\t\tValhalla Massage\t\t\t<\/h5>\n\t<\/div>\n\t\t<\/div>\t\t<\/div>\n\t\t\t\t<\/div>\n\t\t\t\t<div class=\"elementor-element elementor-element-5b85b2f elementor-widget__width-initial elementor-widget-mobile__width-initial elementor-widget-tablet__width-initial elementor-widget elementor-widget-text-editor\" data-id=\"5b85b2f\" data-element_type=\"widget\" data-widget_type=\"text-editor.default\">\n\t\t\t\t<div class=\"elementor-widget-container\">\n\t\t\t<style>\/*! elementor - v3.15.0 - 20-08-2023 *\/\n.elementor-widget-text-editor.elementor-drop-cap-view-stacked .elementor-drop-cap{background-color:#69727d;color:#fff}.elementor-widget-text-editor.elementor-drop-cap-view-framed .elementor-drop-cap{color:#69727d;border:3px solid;background-color:transparent}.elementor-widget-text-editor:not(.elementor-drop-cap-view-default) .elementor-drop-cap{margin-top:8px}.elementor-widget-text-editor:not(.elementor-drop-cap-view-default) .elementor-drop-cap-letter{width:1em;height:1em}.elementor-widget-text-editor .elementor-drop-cap{float:left;text-align:center;line-height:1;font-size:50px}.elementor-widget-text-editor .elementor-drop-cap-letter{display:inline-block}<\/style>\t\t\t\t<p>1070 Bd Ren\u00e9-L\u00e9vesque East,<br \/>Montr\u00e9al, QC H2L 0E1, Canada<\/p>\t\t\t\t\t\t<\/div>\n\t\t\t\t<\/div>\n\t\t\t\t<div class=\"elementor-element elementor-element-f94dde7 elementor-widget elementor-widget-reina_core_section_title\" data-id=\"f94dde7\" data-element_type=\"widget\" data-widget_type=\"reina_core_section_title.default\">\n\t\t\t\t<div class=\"elementor-widget-container\">\n\t\t\t<div class=\"qodef-shortcode qodef-m  qodef-section-title  \">\n\t<div class=\"qodef-m-heading\">\n\t\t\t\t\t<h5 class=\"qodef-m-title\" >\n\t\t\t\t\tOpening Hours\t\t\t<\/h5>\n\t<\/div>\n\t\t<\/div>\t\t<\/div>\n\t\t\t\t<\/div>\n\t\t\t\t<div class=\"elementor-element elementor-element-dc9eeeb elementor-widget__width-initial elementor-widget-tablet__width-initial elementor-widget elementor-widget-text-editor\" data-id=\"dc9eeeb\" data-element_type=\"widget\" data-widget_type=\"text-editor.default\">\n\t\t\t\t<div class=\"elementor-widget-container\">\n\t\t\t\t\t\t\t<div class=\"qodef-working-hours-item qodef-e\"><span class=\"qodef-e-day\">Monday to Friday <\/span><span class=\"qodef-e-time\">09:00 &#8211; 21:00 hrs<\/span><\/div><div class=\"qodef-working-hours-item qodef-e\"><span class=\"qodef-e-day\">Saturday <\/span><span class=\"qodef-e-time\">09:00 &#8211; 21:00 hrs<\/span><\/div><div class=\"qodef-working-hours-item qodef-e\"><span class=\"qodef-e-day\">Sunday <\/span><span class=\"qodef-e-time\">09:00 &#8211; 21:00 hrs<\/span><\/div>\t\t\t\t\t\t<\/div>\n\t\t\t\t<\/div>\n\t\t\t\t\t<\/div>\n\t\t<\/div>\n\t\t\t\t<div class=\"elementor-column elementor-col-50 elementor-top-column elementor-element elementor-element-7f01f01\" data-id=\"7f01f01\" data-element_type=\"column\">\n\t\t\t<div class=\"elementor-widget-wrap elementor-element-populated\">\n\t\t\t\t\t\t\t\t<div class=\"elementor-element elementor-element-d1c1a8b elementor-widget__width-initial elementor-widget elementor-widget-reina_core_section_title\" data-id=\"d1c1a8b\" data-element_type=\"widget\" data-widget_type=\"reina_core_section_title.default\">\n\t\t\t\t<div class=\"elementor-widget-container\">\n\t\t\t<div class=\"qodef-shortcode qodef-m  qodef-section-title  \">\n\t<div class=\"qodef-m-heading\">\n\t\t\t\t\t<h4 class=\"qodef-m-title\" >\n\t\t\t\t\tSend us a message\t\t\t<\/h4>\n\t<\/div>\n\t\t<\/div>\t\t<\/div>\n\t\t\t\t<\/div>\n\t\t\t\t<div class=\"elementor-element elementor-element-49fafb8 elementor-widget__width-initial elementor-widget elementor-widget-wp-widget-reina_core_contact_form_7\" data-id=\"49fafb8\" data-element_type=\"widget\" data-widget_type=\"wp-widget-reina_core_contact_form_7.default\">\n\t\t\t\t<div class=\"elementor-widget-container\">\n\t\t\t\t\t\t<div class=\"qodef-contact-form-7\">\n\t\t\t\t\n<div class=\"wpcf7 no-js\" id=\"wpcf7-f3812-o1\" lang=\"fr-FR\" dir=\"ltr\">\n<div class=\"screen-reader-response\"><p role=\"status\" aria-live=\"polite\" aria-atomic=\"true\"><\/p> <ul><\/ul><\/div>\n<form action=\"\/en\/wp-json\/wp\/v2\/pages\/18040#wpcf7-f3812-o1\" method=\"post\" class=\"wpcf7-form init\" aria-label=\"Formulaire de contact\" novalidate=\"novalidate\" data-status=\"init\">\n<div style=\"display: none;\">\n<input type=\"hidden\" name=\"_wpcf7\" value=\"3812\" \/>\n<input type=\"hidden\" name=\"_wpcf7_version\" value=\"5.8.2\" \/>\n<input type=\"hidden\" name=\"_wpcf7_locale\" value=\"fr_FR\" \/>\n<input type=\"hidden\" name=\"_wpcf7_unit_tag\" value=\"wpcf7-f3812-o1\" \/>\n<input type=\"hidden\" name=\"_wpcf7_container_post\" value=\"0\" \/>\n<input type=\"hidden\" name=\"_wpcf7_posted_data_hash\" value=\"\" \/>\n<\/div>\n<div class=\"qodef-contact-form\">\n<span class=\"wpcf7-form-control-wrap\" data-name=\"your-message\"><textarea cols=\"10\" rows=\"6\" class=\"wpcf7-form-control wpcf7-textarea wpcf7-validates-as-required\" aria-required=\"true\" aria-invalid=\"false\" placeholder=\"Message\" name=\"your-message\"><\/textarea><\/span>\n<div class=\"qodef-cf-row\">\n<span class=\"wpcf7-form-control-wrap\" data-name=\"your-name\"><input size=\"40\" class=\"wpcf7-form-control wpcf7-text wpcf7-validates-as-required\" aria-required=\"true\" aria-invalid=\"false\" placeholder=\"Name\" value=\"\" type=\"text\" name=\"your-name\" \/><\/span>\n<span class=\"wpcf7-form-control-wrap\" data-name=\"your-email\"><input size=\"40\" class=\"wpcf7-form-control wpcf7-email wpcf7-validates-as-required wpcf7-text wpcf7-validates-as-email\" aria-required=\"true\" aria-invalid=\"false\" placeholder=\"Email address\" value=\"\" type=\"email\" name=\"your-email\" \/><\/span>\n<\/div>\n<button class=\"wpcf7-form-control wpcf7-submit qodef-button qodef-size--normal qodef-type--filled qodef-m\" type=\"submit\"><span class=\"qodef-m-text\">Send<\/span><span class=\"qodef-m-background\"><\/span><\/button>\n<\/div><div class=\"wpcf7-response-output\" aria-hidden=\"true\"><\/div>\n<\/form>\n<\/div>\n\t\t\t<\/div>\n\t\t\t\t\t<\/div>\n\t\t\t\t<\/div>\n\t\t\t\t\t<\/div>\n\t\t<\/div>\n\t\t\t\t\t\t\t<\/div>\n\t\t<\/section>\n\t\t\t\t\t\t\t<\/div>\n\t\t","protected":false},"excerpt":{"rendered":"<p>Valhalla Massage 1070 Bd Ren\u00e9-L\u00e9vesque East,Montr\u00e9al, QC H2L 0E1, Canada Opening Hours Monday to Friday 09:00 &#8211; 21:00 hrsSaturday 09:00 &#8211; 21:00 hrsSunday 09:00 &#8211; 21:00 hrs Send us a message<\/p>\n","protected":false},"author":1,"featured_media":0,"parent":0,"menu_order":0,"comment_status":"closed","ping_status":"closed","template":"page-full-width.php","meta":{"footnotes":""},"class_list":["post-18040","page","type-page","status-publish","hentry"],"yoast_head":"<!-- This site is optimized with the Yoast SEO plugin v21.5 - https:\/\/yoast.com\/wordpress\/plugins\/seo\/ -->\n<title>Contact us - Valhalla Massage<\/title>\n<meta name=\"description\" content=\"Contactez-nous pour des soins de massoth\u00e9rapie et d&#039;orthoth\u00e9rapie \u00e0 Montr\u00e9al. Soulagez vos douleurs et d\u00e9tendez-vous avec nos experts\" \/>\n<meta name=\"robots\" content=\"index, follow, max-snippet:-1, max-image-preview:large, max-video-preview:-1\" \/>\n<link rel=\"canonical\" href=\"https:\/\/valhallamassage.ca\/en\/contact-us-massotherapie-orthotherapie\/\" \/>\n<meta property=\"og:locale\" content=\"en_US\" \/>\n<meta property=\"og:type\" content=\"article\" \/>\n<meta property=\"og:title\" content=\"Contact us - Valhalla Massage\" \/>\n<meta property=\"og:description\" content=\"Contactez-nous pour des soins de massoth\u00e9rapie et d&#039;orthoth\u00e9rapie \u00e0 Montr\u00e9al. Soulagez vos douleurs et d\u00e9tendez-vous avec nos experts\" \/>\n<meta property=\"og:url\" content=\"https:\/\/valhallamassage.ca\/en\/contact-us-massotherapie-orthotherapie\/\" \/>\n<meta property=\"og:site_name\" content=\"Valhalla Massage\" \/>\n<meta property=\"article:modified_time\" content=\"2024-05-14T14:35:43+00:00\" \/>\n<meta name=\"twitter:card\" content=\"summary_large_image\" \/>\n<meta name=\"twitter:label1\" content=\"Est. reading time\" \/>\n\t<meta name=\"twitter:data1\" content=\"1 minute\" \/>\n<script type=\"application\/ld+json\" class=\"yoast-schema-graph\">{\"@context\":\"https:\/\/schema.org\",\"@graph\":[{\"@type\":\"WebPage\",\"@id\":\"https:\/\/valhallamassage.ca\/en\/contact-us-massotherapie-orthotherapie\/\",\"url\":\"https:\/\/valhallamassage.ca\/en\/contact-us-massotherapie-orthotherapie\/\",\"name\":\"Contact us - Valhalla Massage\",\"isPartOf\":{\"@id\":\"https:\/\/valhallamassage.ca\/en\/#website\"},\"datePublished\":\"2020-10-01T16:22:26+00:00\",\"dateModified\":\"2024-05-14T14:35:43+00:00\",\"description\":\"Contactez-nous pour des soins de massoth\u00e9rapie et d'orthoth\u00e9rapie \u00e0 Montr\u00e9al. Soulagez vos douleurs et d\u00e9tendez-vous avec nos experts\",\"breadcrumb\":{\"@id\":\"https:\/\/valhallamassage.ca\/en\/contact-us-massotherapie-orthotherapie\/#breadcrumb\"},\"inLanguage\":\"en-US\",\"potentialAction\":[{\"@type\":\"ReadAction\",\"target\":[\"https:\/\/valhallamassage.ca\/en\/contact-us-massotherapie-orthotherapie\/\"]}]},{\"@type\":\"BreadcrumbList\",\"@id\":\"https:\/\/valhallamassage.ca\/en\/contact-us-massotherapie-orthotherapie\/#breadcrumb\",\"itemListElement\":[{\"@type\":\"ListItem\",\"position\":1,\"name\":\"Accueil\",\"item\":\"https:\/\/valhallamassage.ca\/en\/\"},{\"@type\":\"ListItem\",\"position\":2,\"name\":\"Contact us\"}]},{\"@type\":\"WebSite\",\"@id\":\"https:\/\/valhallamassage.ca\/en\/#website\",\"url\":\"https:\/\/valhallamassage.ca\/en\/\",\"name\":\"Valhalla Massage\",\"description\":\"Massoth\u00e9rapie -\u00a0Kin\u00e9sith\u00e9rapie - Orthoth\u00e9rapie \u00e0 Montr\u00e9al\",\"publisher\":{\"@id\":\"https:\/\/valhallamassage.ca\/en\/#organization\"},\"potentialAction\":[{\"@type\":\"SearchAction\",\"target\":{\"@type\":\"EntryPoint\",\"urlTemplate\":\"https:\/\/valhallamassage.ca\/en\/?s={search_term_string}\"},\"query-input\":\"required name=search_term_string\"}],\"inLanguage\":\"en-US\"},{\"@type\":\"Organization\",\"@id\":\"https:\/\/valhallamassage.ca\/en\/#organization\",\"name\":\"Valhalla Massage\",\"url\":\"https:\/\/valhallamassage.ca\/en\/\",\"logo\":{\"@type\":\"ImageObject\",\"inLanguage\":\"en-US\",\"@id\":\"https:\/\/valhallamassage.ca\/en\/#\/schema\/logo\/image\/\",\"url\":\"https:\/\/valhallamassage.ca\/wp-content\/uploads\/2023\/09\/cropped-logo-valhallamassage-montreal-01-01.png\",\"contentUrl\":\"https:\/\/valhallamassage.ca\/wp-content\/uploads\/2023\/09\/cropped-logo-valhallamassage-montreal-01-01.png\",\"width\":1399,\"height\":271,\"caption\":\"Valhalla Massage\"},\"image\":{\"@id\":\"https:\/\/valhallamassage.ca\/en\/#\/schema\/logo\/image\/\"}}]}<\/script>\n<!-- \/ Yoast SEO plugin. -->","yoast_head_json":{"title":"Contact us - Valhalla Massage","description":"Contactez-nous pour des soins de massoth\u00e9rapie et d'orthoth\u00e9rapie \u00e0 Montr\u00e9al. Soulagez vos douleurs et d\u00e9tendez-vous avec nos experts","robots":{"index":"index","follow":"follow","max-snippet":"max-snippet:-1","max-image-preview":"max-image-preview:large","max-video-preview":"max-video-preview:-1"},"canonical":"https:\/\/valhallamassage.ca\/en\/contact-us-massotherapie-orthotherapie\/","og_locale":"en_US","og_type":"article","og_title":"Contact us - Valhalla Massage","og_description":"Contactez-nous pour des soins de massoth\u00e9rapie et d'orthoth\u00e9rapie \u00e0 Montr\u00e9al. Soulagez vos douleurs et d\u00e9tendez-vous avec nos experts","og_url":"https:\/\/valhallamassage.ca\/en\/contact-us-massotherapie-orthotherapie\/","og_site_name":"Valhalla Massage","article_modified_time":"2024-05-14T14:35:43+00:00","twitter_card":"summary_large_image","twitter_misc":{"Est. reading time":"1 minute"},"schema":{"@context":"https:\/\/schema.org","@graph":[{"@type":"WebPage","@id":"https:\/\/valhallamassage.ca\/en\/contact-us-massotherapie-orthotherapie\/","url":"https:\/\/valhallamassage.ca\/en\/contact-us-massotherapie-orthotherapie\/","name":"Contact us - Valhalla Massage","isPartOf":{"@id":"https:\/\/valhallamassage.ca\/en\/#website"},"datePublished":"2020-10-01T16:22:26+00:00","dateModified":"2024-05-14T14:35:43+00:00","description":"Contactez-nous pour des soins de massoth\u00e9rapie et d'orthoth\u00e9rapie \u00e0 Montr\u00e9al. Soulagez vos douleurs et d\u00e9tendez-vous avec nos experts","breadcrumb":{"@id":"https:\/\/valhallamassage.ca\/en\/contact-us-massotherapie-orthotherapie\/#breadcrumb"},"inLanguage":"en-US","potentialAction":[{"@type":"ReadAction","target":["https:\/\/valhallamassage.ca\/en\/contact-us-massotherapie-orthotherapie\/"]}]},{"@type":"BreadcrumbList","@id":"https:\/\/valhallamassage.ca\/en\/contact-us-massotherapie-orthotherapie\/#breadcrumb","itemListElement":[{"@type":"ListItem","position":1,"name":"Accueil","item":"https:\/\/valhallamassage.ca\/en\/"},{"@type":"ListItem","position":2,"name":"Contact us"}]},{"@type":"WebSite","@id":"https:\/\/valhallamassage.ca\/en\/#website","url":"https:\/\/valhallamassage.ca\/en\/","name":"Valhalla Massage","description":"Massoth\u00e9rapie -\u00a0Kin\u00e9sith\u00e9rapie - Orthoth\u00e9rapie \u00e0 Montr\u00e9al","publisher":{"@id":"https:\/\/valhallamassage.ca\/en\/#organization"},"potentialAction":[{"@type":"SearchAction","target":{"@type":"EntryPoint","urlTemplate":"https:\/\/valhallamassage.ca\/en\/?s={search_term_string}"},"query-input":"required name=search_term_string"}],"inLanguage":"en-US"},{"@type":"Organization","@id":"https:\/\/valhallamassage.ca\/en\/#organization","name":"Valhalla Massage","url":"https:\/\/valhallamassage.ca\/en\/","logo":{"@type":"ImageObject","inLanguage":"en-US","@id":"https:\/\/valhallamassage.ca\/en\/#\/schema\/logo\/image\/","url":"https:\/\/valhallamassage.ca\/wp-content\/uploads\/2023\/09\/cropped-logo-valhallamassage-montreal-01-01.png","contentUrl":"https:\/\/valhallamassage.ca\/wp-content\/uploads\/2023\/09\/cropped-logo-valhallamassage-montreal-01-01.png","width":1399,"height":271,"caption":"Valhalla Massage"},"image":{"@id":"https:\/\/valhallamassage.ca\/en\/#\/schema\/logo\/image\/"}}]}},"_links":{"self":[{"href":"https:\/\/valhallamassage.ca\/en\/wp-json\/wp\/v2\/pages\/18040","targetHints":{"allow":["GET"]}}],"collection":[{"href":"https:\/\/valhallamassage.ca\/en\/wp-json\/wp\/v2\/pages"}],"about":[{"href":"https:\/\/valhallamassage.ca\/en\/wp-json\/wp\/v2\/types\/page"}],"author":[{"embeddable":true,"href":"https:\/\/valhallamassage.ca\/en\/wp-json\/wp\/v2\/users\/1"}],"replies":[{"embeddable":true,"href":"https:\/\/valhallamassage.ca\/en\/wp-json\/wp\/v2\/comments?post=18040"}],"version-history":[{"count":31,"href":"https:\/\/valhallamassage.ca\/en\/wp-json\/wp\/v2\/pages\/18040\/revisions"}],"predecessor-version":[{"id":18480,"href":"https:\/\/valhallamassage.ca\/en\/wp-json\/wp\/v2\/pages\/18040\/revisions\/18480"}],"wp:attachment":[{"href":"https:\/\/valhallamassage.ca\/en\/wp-json\/wp\/v2\/media?parent=18040"}],"curies":[{"name":"wp","href":"https:\/\/api.w.org\/{rel}","templated":true}]}}