{"id":18055,"date":"2020-10-12T10:47:13","date_gmt":"2020-10-12T14:47:13","guid":{"rendered":"https:\/\/valhallamassage.ca\/a-propos-bristol-cote-valhalla-massage-massotherapie-orthotherapie\/"},"modified":"2024-05-14T10:48:26","modified_gmt":"2024-05-14T14:48:26","slug":"about-bristol-cote-valhalla-massage-massotherapie-orthotherapie","status":"publish","type":"page","link":"https:\/\/valhallamassage.ca\/en\/about-bristol-cote-valhalla-massage-massotherapie-orthotherapie\/","title":{"rendered":"A propos"},"content":{"rendered":"\t\t<div data-elementor-type=\"wp-page\" data-elementor-id=\"18055\" class=\"elementor elementor-18055 elementor-5853\">\n\t\t\t\t\t\t\t\t\t<section class=\"elementor-section elementor-top-section elementor-element elementor-element-7093f4d qodef-elementor-content-grid elementor-section-boxed elementor-section-height-default elementor-section-height-default\" data-id=\"7093f4d\" data-element_type=\"section\">\n\t\t\t\t\t\t<div class=\"elementor-container elementor-column-gap-default\">\n\t\t\t\t\t<div class=\"elementor-column elementor-col-100 elementor-top-column elementor-element elementor-element-c710fcc\" data-id=\"c710fcc\" data-element_type=\"column\">\n\t\t\t<div class=\"elementor-widget-wrap elementor-element-populated\">\n\t\t\t\t\t\t\t\t<div class=\"elementor-element elementor-element-59687cf elementor-widget elementor-widget-reina_core_section_title\" data-id=\"59687cf\" data-element_type=\"widget\" data-widget_type=\"reina_core_section_title.default\">\n\t\t\t\t<div class=\"elementor-widget-container\">\n\t\t\t<div class=\"qodef-shortcode qodef-m  qodef-section-title  \">\n\t<div class=\"qodef-m-heading\">\n\t\t\t\t\t<h1 class=\"qodef-m-title\" >\n\t\t\t\t\tWelcome to Valhalla Massage\t\t\t<\/h1>\n\t<\/div>\n\t\t<p class=\"qodef-m-text\" style=\"margin-top: 17px\">In a way we are all warriors of everyday stress, whether we\u2019re constantly dealing with our demanding bosses, managing a business\/employees, after that extreme workout or just trying our best at cramming as much material as we can for that important exam; we are all relentlessly fighting against a formidable enemy to our mind and body, STRESS. As good of a warrior we are, we sometimes succumb to stress and that\u2019s when we start feeling our battle wounds (muscular pain). Valhalla is a haven for fallen warrior in Norse mythology, let Valhalla be a haven for you to take time for yourself to relax and let us relieve you of your muscular discomforts and be better tooled to battle again with our post therapy consultations. Valhalla is really about taking time for you and being fully relaxed. <\/p>\n\t\t<div class=\"qodef-m-button\">\n\t\t<a class=\"qodef-shortcode qodef-m  qodef-button qodef-layout--filled  qodef-html--link\" href=\"https:\/\/booking.setmore.com\/scheduleappointment\/0424b607-28a1-492d-bab9-15f971a53653?lang=\" target=\"_self\"  >\t<span class=\"qodef-m-text\">CONTACT US FOR A FREE INITIAL CONSULTATION<\/span>\t<span class=\"qodef-m-background\" ><\/span><\/a>\t<\/div>\n<\/div>\t\t<\/div>\n\t\t\t\t<\/div>\n\t\t\t\t\t<\/div>\n\t\t<\/div>\n\t\t\t\t\t\t\t<\/div>\n\t\t<\/section>\n\t\t\t\t<section class=\"elementor-section elementor-top-section elementor-element elementor-element-00eb8df qodef-elementor-content-grid qodef-extended-grid qodef-extended-grid--left qodef-extended-grid-reset--1024 qodef-custom-side-padding  elementor-section-boxed elementor-section-height-default elementor-section-height-default\" data-id=\"00eb8df\" data-element_type=\"section\">\n\t\t\t\t\t\t<div class=\"elementor-container elementor-column-gap-default\">\n\t\t\t\t\t<div class=\"elementor-column elementor-col-100 elementor-top-column elementor-element elementor-element-3523b4c\" data-id=\"3523b4c\" data-element_type=\"column\">\n\t\t\t<div class=\"elementor-widget-wrap elementor-element-populated\">\n\t\t\t\t\t\t\t\t<div class=\"elementor-element elementor-element-5e63c6d elementor-widget elementor-widget-reina_core_image_section_info\" data-id=\"5e63c6d\" data-element_type=\"widget\" data-widget_type=\"reina_core_image_section_info.default\">\n\t\t\t\t<div class=\"elementor-widget-container\">\n\t\t\t<div class=\"qodef-shortcode qodef-m  qodef-image-section-info qodef-layout--standard  qodef--has-appear \">\n\t<div class=\"qodef-m-inner clear\">\n\t\t\n<div class=\"qodef-m-image\" >\n\t<img loading=\"lazy\" decoding=\"async\" width=\"2560\" height=\"1707\" src=\"https:\/\/valhallamassage.ca\/wp-content\/uploads\/2023\/09\/valhallamassage-Massotherapie-Orthotherapie4-scaled.jpg\" class=\"attachment-full size-full\" alt=\"valhallamassage-Massoth\u00e9rapie-Orthoth\u00e9rapie\" srcset=\"https:\/\/valhallamassage.ca\/wp-content\/uploads\/2023\/09\/valhallamassage-Massotherapie-Orthotherapie4-scaled.jpg 2560w, https:\/\/valhallamassage.ca\/wp-content\/uploads\/2023\/09\/valhallamassage-Massotherapie-Orthotherapie4-300x200.jpg 300w, https:\/\/valhallamassage.ca\/wp-content\/uploads\/2023\/09\/valhallamassage-Massotherapie-Orthotherapie4-1024x683.jpg 1024w, https:\/\/valhallamassage.ca\/wp-content\/uploads\/2023\/09\/valhallamassage-Massotherapie-Orthotherapie4-768x512.jpg 768w, https:\/\/valhallamassage.ca\/wp-content\/uploads\/2023\/09\/valhallamassage-Massotherapie-Orthotherapie4-1536x1024.jpg 1536w, https:\/\/valhallamassage.ca\/wp-content\/uploads\/2023\/09\/valhallamassage-Massotherapie-Orthotherapie4-2048x1365.jpg 2048w\" sizes=\"auto, (max-width: 2560px) 100vw, 2560px\" \/><\/div>\n\t\t<div class=\"qodef-m-content\">\n\t\t\t\t\t\t<div class=\"qodef-m-heading\">\n\t\t\t\t\t<span class=\"qodef-m-subtitle qodef-h7\" style=\"color: #B0B8BB\">Instant Well-Being<\/span>\n\t\t\t\t\t<h2 class=\"qodef-m-title\" style=\"color: #415962\">Our mission<\/h2>\n\t\t\t<\/div>\n\t\t\t\t<div class=\"qodef-m-text\" style=\"margin-top: 13px;color: #818181\">After just one visit, you\u2019ll feel more relaxed and a diminuation in muscular pain. <\/div>\n\n\n\t\t\t\t<div class=\"qodef-m-button\">\n\t\t<a class=\"qodef-shortcode qodef-m  qodef-button qodef-layout--filled qodef-size--full qodef-html--link\" href=\"https:\/\/booking.setmore.com\/scheduleappointment\/0424b607-28a1-492d-bab9-15f971a53653?lang=\" target=\"_self\" data-hover-color=\"#FFFFFF\" style=\"color: #FFFFFF;background-color: #B0D8E8\">\t<span class=\"qodef-m-text\"> BOOK AN APPOINTMENT<\/span>\t<span class=\"qodef-m-background\" style=\"color: #405861\"><\/span><\/a>\t<\/div>\n\t\t<\/div>\n\t<\/div>\n<\/div>\n\t\t<\/div>\n\t\t\t\t<\/div>\n\t\t\t\t\t<\/div>\n\t\t<\/div>\n\t\t\t\t\t\t\t<\/div>\n\t\t<\/section>\n\t\t\t\t<section class=\"elementor-section elementor-top-section elementor-element elementor-element-7a075d4 qodef-elementor-content-grid qodef-extended-grid qodef-extended-grid--right qodef-extended-grid-reset--1024 qodef-custom-side-padding  elementor-section-full_width elementor-section-height-default elementor-section-height-default\" data-id=\"7a075d4\" data-element_type=\"section\">\n\t\t\t\t\t\t<div class=\"elementor-container elementor-column-gap-default\">\n\t\t\t\t\t<div class=\"elementor-column elementor-col-100 elementor-top-column elementor-element elementor-element-2c14adc\" data-id=\"2c14adc\" data-element_type=\"column\">\n\t\t\t<div class=\"elementor-widget-wrap elementor-element-populated\">\n\t\t\t\t\t\t\t\t<div class=\"elementor-element elementor-element-d4b9ef0 elementor-widget elementor-widget-reina_core_image_section_info\" data-id=\"d4b9ef0\" data-element_type=\"widget\" data-widget_type=\"reina_core_image_section_info.default\">\n\t\t\t\t<div class=\"elementor-widget-container\">\n\t\t\t<div class=\"qodef-shortcode qodef-m  qodef-image-section-info qodef-layout--standard qodef--left qodef--has-appear \">\n\t<div class=\"qodef-m-inner clear\">\n\t\t\n<div class=\"qodef-m-image\" >\n\t<img loading=\"lazy\" decoding=\"async\" width=\"1706\" height=\"1220\" src=\"https:\/\/valhallamassage.ca\/wp-content\/uploads\/2023\/09\/valhallamassage-Massotherapie-Orthotherapie5-scaled-e1694198250237.jpg\" class=\"attachment-full size-full\" alt=\"valhallamassage-Massoth\u00e9rapie-Orthoth\u00e9rapie5\" srcset=\"https:\/\/valhallamassage.ca\/wp-content\/uploads\/2023\/09\/valhallamassage-Massotherapie-Orthotherapie5-scaled-e1694198250237.jpg 1706w, https:\/\/valhallamassage.ca\/wp-content\/uploads\/2023\/09\/valhallamassage-Massotherapie-Orthotherapie5-scaled-e1694198250237-300x215.jpg 300w, https:\/\/valhallamassage.ca\/wp-content\/uploads\/2023\/09\/valhallamassage-Massotherapie-Orthotherapie5-scaled-e1694198250237-1024x732.jpg 1024w, https:\/\/valhallamassage.ca\/wp-content\/uploads\/2023\/09\/valhallamassage-Massotherapie-Orthotherapie5-scaled-e1694198250237-768x549.jpg 768w, https:\/\/valhallamassage.ca\/wp-content\/uploads\/2023\/09\/valhallamassage-Massotherapie-Orthotherapie5-scaled-e1694198250237-1536x1098.jpg 1536w\" sizes=\"auto, (max-width: 1706px) 100vw, 1706px\" \/><\/div>\n\t\t<div class=\"qodef-m-content\">\n\t\t\t\t\t\t<div class=\"qodef-m-heading\">\n\t\t\t\t\t<span class=\"qodef-m-subtitle qodef-h7\" style=\"color: #B0B8BB\">Expert in Massage Therapy, Orthotherapy, Kinesitherapy<\/span>\n\t\t\t\t\t<h2 class=\"qodef-m-title\" style=\"color: #415962\">Our History<\/h2>\n\t\t\t<\/div>\n\t\t\t\t<div class=\"qodef-m-text\" style=\"margin-top: 13px;color: #818181\">Bristol Cote is member of the \"R\u00e9seau des Massoth\u00e9rapeutes Professionnels du Qu\u00e9bec\" (RMPQ).\u00a0He is a Massoth\u00e9rapeute Clinicien MQ, Certified Orthotherapist, Kinesitherapist and Massage\u00a0Therapist. He trained at the Acad\u00e9mie de Massage Scientifique of Montreal.\n<br><br>\nOrthotherapy works on the deep postural muscles and kinesietherapy is a passive movement-based technique that aims to eliminate muscular pain and restoring the muscle's full amplitude in movement.\n<br><br>\nMastering the following massage techniques: Swedish, Sportive Massage, Biocorporel Massage, Muscular Decongestion, Deep Tissue,\u00a0 \"Taping\" Neuro-Proprioceptive, Lymphatic Drainage, Vacuotherapy, Fascias Therapy, Temporomandibular Massage.<\/div>\n\n\n\t\t\t\t\t<\/div>\n\t<\/div>\n<\/div>\n\t\t<\/div>\n\t\t\t\t<\/div>\n\t\t\t\t\t<\/div>\n\t\t<\/div>\n\t\t\t\t\t\t\t<\/div>\n\t\t<\/section>\n\t\t\t\t<section class=\"elementor-section elementor-top-section elementor-element elementor-element-89aa3ca elementor-section-full_width elementor-section-height-default elementor-section-height-default qodef-elementor-content-no\" data-id=\"89aa3ca\" data-element_type=\"section\">\n\t\t\t\t\t\t<div class=\"elementor-container elementor-column-gap-default\">\n\t\t\t\t\t<div class=\"elementor-column elementor-col-50 elementor-top-column elementor-element elementor-element-9dd52eb\" data-id=\"9dd52eb\" data-element_type=\"column\">\n\t\t\t<div class=\"elementor-widget-wrap\">\n\t\t\t\t\t\t\t\t\t<\/div>\n\t\t<\/div>\n\t\t\t\t<div class=\"elementor-column elementor-col-50 elementor-top-column elementor-element elementor-element-7b3b540\" data-id=\"7b3b540\" data-element_type=\"column\">\n\t\t\t<div class=\"elementor-widget-wrap elementor-element-populated\">\n\t\t\t\t\t\t\t\t<div class=\"elementor-element elementor-element-646ee8b elementor-widget elementor-widget-spacer\" data-id=\"646ee8b\" data-element_type=\"widget\" data-widget_type=\"spacer.default\">\n\t\t\t\t<div class=\"elementor-widget-container\">\n\t\t\t<style>\/*! elementor - v3.15.0 - 20-08-2023 *\/\n.elementor-column .elementor-spacer-inner{height:var(--spacer-size)}.e-con{--container-widget-width:100%}.e-con-inner>.elementor-widget-spacer,.e-con>.elementor-widget-spacer{width:var(--container-widget-width,var(--spacer-size));--align-self:var(--container-widget-align-self,initial);--flex-shrink:0}.e-con-inner>.elementor-widget-spacer>.elementor-widget-container,.e-con-inner>.elementor-widget-spacer>.elementor-widget-container>.elementor-spacer,.e-con>.elementor-widget-spacer>.elementor-widget-container,.e-con>.elementor-widget-spacer>.elementor-widget-container>.elementor-spacer{height:100%}.e-con-inner>.elementor-widget-spacer>.elementor-widget-container>.elementor-spacer>.elementor-spacer-inner,.e-con>.elementor-widget-spacer>.elementor-widget-container>.elementor-spacer>.elementor-spacer-inner{height:var(--container-widget-height,var(--spacer-size))}<\/style>\t\t<div class=\"elementor-spacer\">\n\t\t\t<div class=\"elementor-spacer-inner\"><\/div>\n\t\t<\/div>\n\t\t\t\t<\/div>\n\t\t\t\t<\/div>\n\t\t\t\t\t<\/div>\n\t\t<\/div>\n\t\t\t\t\t\t\t<\/div>\n\t\t<\/section>\n\t\t\t\t<section class=\"elementor-section elementor-top-section elementor-element elementor-element-e6285fa qodef-elementor-content-grid qodef-extended-grid qodef-extended-grid--left qodef-extended-grid-reset--1024 qodef-custom-side-padding  elementor-section-boxed elementor-section-height-default elementor-section-height-default\" data-id=\"e6285fa\" data-element_type=\"section\">\n\t\t\t\t\t\t<div class=\"elementor-container elementor-column-gap-default\">\n\t\t\t\t\t<div class=\"elementor-column elementor-col-100 elementor-top-column elementor-element elementor-element-8ad0e86\" data-id=\"8ad0e86\" data-element_type=\"column\">\n\t\t\t<div class=\"elementor-widget-wrap elementor-element-populated\">\n\t\t\t\t\t\t\t\t<div class=\"elementor-element elementor-element-0b4455a elementor-widget elementor-widget-reina_core_image_section_info\" data-id=\"0b4455a\" data-element_type=\"widget\" data-widget_type=\"reina_core_image_section_info.default\">\n\t\t\t\t<div class=\"elementor-widget-container\">\n\t\t\t<div class=\"qodef-shortcode qodef-m  qodef-image-section-info qodef-layout--standard  qodef--has-appear \">\n\t<div class=\"qodef-m-inner clear\">\n\t\t\n<div class=\"qodef-m-image\" >\n\t<img loading=\"lazy\" decoding=\"async\" width=\"1350\" height=\"650\" src=\"https:\/\/valhallamassage.ca\/wp-content\/uploads\/2023\/09\/valhallamassage-Massotherapie-Orthotherapie12.png\" class=\"attachment-full size-full\" alt=\"valhallamassage-Massoth\u00e9rapie-Orthoth\u00e9rapie\" srcset=\"https:\/\/valhallamassage.ca\/wp-content\/uploads\/2023\/09\/valhallamassage-Massotherapie-Orthotherapie12.png 1350w, https:\/\/valhallamassage.ca\/wp-content\/uploads\/2023\/09\/valhallamassage-Massotherapie-Orthotherapie12-300x144.png 300w, https:\/\/valhallamassage.ca\/wp-content\/uploads\/2023\/09\/valhallamassage-Massotherapie-Orthotherapie12-1024x493.png 1024w, https:\/\/valhallamassage.ca\/wp-content\/uploads\/2023\/09\/valhallamassage-Massotherapie-Orthotherapie12-768x370.png 768w\" sizes=\"auto, (max-width: 1350px) 100vw, 1350px\" \/><\/div>\n\t\t<div class=\"qodef-m-content\">\n\t\t\t\t\t\t<div class=\"qodef-m-heading\">\n\t\t\t\t\t<span class=\"qodef-m-subtitle qodef-h7\" style=\"color: #B0B8BB\">Book an appointment<\/span>\n\t\t\t\t\t<h2 class=\"qodef-m-title\" style=\"color: #415962\">Contact Us<\/h2>\n\t\t\t<\/div>\n\t\t\t\t<div class=\"qodef-m-text\" style=\"margin-top: 13px;color: #818181\">1070 Bd Ren\u00e9-L\u00e9vesque East,<br>\nMontr\u00e9al, QC H2L 0E1,<br>\nCanada<br><\/div>\n\n\n\t\t\t\t<div class=\"qodef-m-button\">\n\t\t<a class=\"qodef-shortcode qodef-m  qodef-button qodef-layout--filled qodef-size--full qodef-html--link\" href=\"https:\/\/booking.setmore.com\/scheduleappointment\/0424b607-28a1-492d-bab9-15f971a53653?lang=\" target=\"_self\" data-hover-color=\"#FFFFFF\" style=\"color: #FFFFFF;background-color: #B0D8E8\">\t<span class=\"qodef-m-text\"> BOOK AN APPOINTMENT<\/span>\t<span class=\"qodef-m-background\" style=\"color: #405861\"><\/span><\/a>\t<\/div>\n\t\t<\/div>\n\t<\/div>\n<\/div>\n\t\t<\/div>\n\t\t\t\t<\/div>\n\t\t\t\t\t<\/div>\n\t\t<\/div>\n\t\t\t\t\t\t\t<\/div>\n\t\t<\/section>\n\t\t\t\t<section class=\"elementor-section elementor-top-section elementor-element elementor-element-3baaa4e qodef-elementor-content-grid elementor-section-boxed elementor-section-height-default elementor-section-height-default\" data-id=\"3baaa4e\" data-element_type=\"section\">\n\t\t\t\t\t\t<div class=\"elementor-container elementor-column-gap-default\">\n\t\t\t\t\t<div class=\"elementor-column elementor-col-100 elementor-top-column elementor-element elementor-element-1b6b004\" data-id=\"1b6b004\" data-element_type=\"column\">\n\t\t\t<div class=\"elementor-widget-wrap\">\n\t\t\t\t\t\t\t\t\t<\/div>\n\t\t<\/div>\n\t\t\t\t\t\t\t<\/div>\n\t\t<\/section>\n\t\t\t\t\t\t\t<\/div>\n\t\t","protected":false},"excerpt":{"rendered":"<p>Welcome to Valhalla Massage In a way we are all warriors of everyday stress, whether we\u2019re constantly dealing with our demanding bosses, managing a business\/employees, after that extreme workout or just trying our best at cramming as much material as we can for that important exam; we are all relentlessly fighting against a formidable enemy [&hellip;]<\/p>\n","protected":false},"author":1,"featured_media":0,"parent":0,"menu_order":0,"comment_status":"closed","ping_status":"closed","template":"","meta":{"footnotes":""},"class_list":["post-18055","page","type-page","status-publish","hentry"],"yoast_head":"<!-- This site is optimized with the Yoast SEO plugin v21.5 - https:\/\/yoast.com\/wordpress\/plugins\/seo\/ -->\n<title>A propos - Valhalla Massage<\/title>\n<meta name=\"description\" content=\"Bristol Cote est membre du RMPQ. Il est Massoth\u00e9rapeute Clinicien MQ, Orthoth\u00e9rapeute, Kin\u00e9sioth\u00e9rapeute et Massoth\u00e9rapeute certifi\u00e9\" \/>\n<meta name=\"robots\" content=\"index, follow, max-snippet:-1, max-image-preview:large, max-video-preview:-1\" \/>\n<link rel=\"canonical\" href=\"https:\/\/valhallamassage.ca\/en\/about-bristol-cote-valhalla-massage-massotherapie-orthotherapie\/\" \/>\n<meta property=\"og:locale\" content=\"en_US\" \/>\n<meta property=\"og:type\" content=\"article\" \/>\n<meta property=\"og:title\" content=\"A propos - Valhalla Massage\" \/>\n<meta property=\"og:description\" content=\"Bristol Cote est membre du RMPQ. Il est Massoth\u00e9rapeute Clinicien MQ, Orthoth\u00e9rapeute, Kin\u00e9sioth\u00e9rapeute et Massoth\u00e9rapeute certifi\u00e9\" \/>\n<meta property=\"og:url\" content=\"https:\/\/valhallamassage.ca\/en\/about-bristol-cote-valhalla-massage-massotherapie-orthotherapie\/\" \/>\n<meta property=\"og:site_name\" content=\"Valhalla Massage\" \/>\n<meta property=\"article:modified_time\" content=\"2024-05-14T14:48:26+00:00\" \/>\n<meta property=\"og:image\" content=\"https:\/\/valhallamassage.ca\/wp-content\/uploads\/2023\/09\/valhallamassage-Massotherapie-Orthotherapie4-scaled.jpg\" \/>\n<meta name=\"twitter:card\" content=\"summary_large_image\" \/>\n<meta name=\"twitter:label1\" content=\"Est. reading time\" \/>\n\t<meta name=\"twitter:data1\" content=\"2 minutes\" \/>\n<script type=\"application\/ld+json\" class=\"yoast-schema-graph\">{\"@context\":\"https:\/\/schema.org\",\"@graph\":[{\"@type\":\"WebPage\",\"@id\":\"https:\/\/valhallamassage.ca\/en\/about-bristol-cote-valhalla-massage-massotherapie-orthotherapie\/\",\"url\":\"https:\/\/valhallamassage.ca\/en\/about-bristol-cote-valhalla-massage-massotherapie-orthotherapie\/\",\"name\":\"A propos - Valhalla Massage\",\"isPartOf\":{\"@id\":\"https:\/\/valhallamassage.ca\/en\/#website\"},\"datePublished\":\"2020-10-12T14:47:13+00:00\",\"dateModified\":\"2024-05-14T14:48:26+00:00\",\"description\":\"Bristol Cote est membre du RMPQ. Il est Massoth\u00e9rapeute Clinicien MQ, Orthoth\u00e9rapeute, Kin\u00e9sioth\u00e9rapeute et Massoth\u00e9rapeute certifi\u00e9\",\"breadcrumb\":{\"@id\":\"https:\/\/valhallamassage.ca\/en\/about-bristol-cote-valhalla-massage-massotherapie-orthotherapie\/#breadcrumb\"},\"inLanguage\":\"en-US\",\"potentialAction\":[{\"@type\":\"ReadAction\",\"target\":[\"https:\/\/valhallamassage.ca\/en\/about-bristol-cote-valhalla-massage-massotherapie-orthotherapie\/\"]}]},{\"@type\":\"BreadcrumbList\",\"@id\":\"https:\/\/valhallamassage.ca\/en\/about-bristol-cote-valhalla-massage-massotherapie-orthotherapie\/#breadcrumb\",\"itemListElement\":[{\"@type\":\"ListItem\",\"position\":1,\"name\":\"Accueil\",\"item\":\"https:\/\/valhallamassage.ca\/en\/\"},{\"@type\":\"ListItem\",\"position\":2,\"name\":\"A propos\"}]},{\"@type\":\"WebSite\",\"@id\":\"https:\/\/valhallamassage.ca\/en\/#website\",\"url\":\"https:\/\/valhallamassage.ca\/en\/\",\"name\":\"Valhalla Massage\",\"description\":\"Massoth\u00e9rapie -\u00a0Kin\u00e9sith\u00e9rapie - Orthoth\u00e9rapie \u00e0 Montr\u00e9al\",\"publisher\":{\"@id\":\"https:\/\/valhallamassage.ca\/en\/#organization\"},\"potentialAction\":[{\"@type\":\"SearchAction\",\"target\":{\"@type\":\"EntryPoint\",\"urlTemplate\":\"https:\/\/valhallamassage.ca\/en\/?s={search_term_string}\"},\"query-input\":\"required name=search_term_string\"}],\"inLanguage\":\"en-US\"},{\"@type\":\"Organization\",\"@id\":\"https:\/\/valhallamassage.ca\/en\/#organization\",\"name\":\"Valhalla Massage\",\"url\":\"https:\/\/valhallamassage.ca\/en\/\",\"logo\":{\"@type\":\"ImageObject\",\"inLanguage\":\"en-US\",\"@id\":\"https:\/\/valhallamassage.ca\/en\/#\/schema\/logo\/image\/\",\"url\":\"https:\/\/valhallamassage.ca\/wp-content\/uploads\/2023\/09\/cropped-logo-valhallamassage-montreal-01-01.png\",\"contentUrl\":\"https:\/\/valhallamassage.ca\/wp-content\/uploads\/2023\/09\/cropped-logo-valhallamassage-montreal-01-01.png\",\"width\":1399,\"height\":271,\"caption\":\"Valhalla Massage\"},\"image\":{\"@id\":\"https:\/\/valhallamassage.ca\/en\/#\/schema\/logo\/image\/\"}}]}<\/script>\n<!-- \/ Yoast SEO plugin. -->","yoast_head_json":{"title":"A propos - Valhalla Massage","description":"Bristol Cote est membre du RMPQ. Il est Massoth\u00e9rapeute Clinicien MQ, Orthoth\u00e9rapeute, Kin\u00e9sioth\u00e9rapeute et Massoth\u00e9rapeute certifi\u00e9","robots":{"index":"index","follow":"follow","max-snippet":"max-snippet:-1","max-image-preview":"max-image-preview:large","max-video-preview":"max-video-preview:-1"},"canonical":"https:\/\/valhallamassage.ca\/en\/about-bristol-cote-valhalla-massage-massotherapie-orthotherapie\/","og_locale":"en_US","og_type":"article","og_title":"A propos - Valhalla Massage","og_description":"Bristol Cote est membre du RMPQ. Il est Massoth\u00e9rapeute Clinicien MQ, Orthoth\u00e9rapeute, Kin\u00e9sioth\u00e9rapeute et Massoth\u00e9rapeute certifi\u00e9","og_url":"https:\/\/valhallamassage.ca\/en\/about-bristol-cote-valhalla-massage-massotherapie-orthotherapie\/","og_site_name":"Valhalla Massage","article_modified_time":"2024-05-14T14:48:26+00:00","og_image":[{"url":"https:\/\/valhallamassage.ca\/wp-content\/uploads\/2023\/09\/valhallamassage-Massotherapie-Orthotherapie4-scaled.jpg"}],"twitter_card":"summary_large_image","twitter_misc":{"Est. reading time":"2 minutes"},"schema":{"@context":"https:\/\/schema.org","@graph":[{"@type":"WebPage","@id":"https:\/\/valhallamassage.ca\/en\/about-bristol-cote-valhalla-massage-massotherapie-orthotherapie\/","url":"https:\/\/valhallamassage.ca\/en\/about-bristol-cote-valhalla-massage-massotherapie-orthotherapie\/","name":"A propos - Valhalla Massage","isPartOf":{"@id":"https:\/\/valhallamassage.ca\/en\/#website"},"datePublished":"2020-10-12T14:47:13+00:00","dateModified":"2024-05-14T14:48:26+00:00","description":"Bristol Cote est membre du RMPQ. Il est Massoth\u00e9rapeute Clinicien MQ, Orthoth\u00e9rapeute, Kin\u00e9sioth\u00e9rapeute et Massoth\u00e9rapeute certifi\u00e9","breadcrumb":{"@id":"https:\/\/valhallamassage.ca\/en\/about-bristol-cote-valhalla-massage-massotherapie-orthotherapie\/#breadcrumb"},"inLanguage":"en-US","potentialAction":[{"@type":"ReadAction","target":["https:\/\/valhallamassage.ca\/en\/about-bristol-cote-valhalla-massage-massotherapie-orthotherapie\/"]}]},{"@type":"BreadcrumbList","@id":"https:\/\/valhallamassage.ca\/en\/about-bristol-cote-valhalla-massage-massotherapie-orthotherapie\/#breadcrumb","itemListElement":[{"@type":"ListItem","position":1,"name":"Accueil","item":"https:\/\/valhallamassage.ca\/en\/"},{"@type":"ListItem","position":2,"name":"A propos"}]},{"@type":"WebSite","@id":"https:\/\/valhallamassage.ca\/en\/#website","url":"https:\/\/valhallamassage.ca\/en\/","name":"Valhalla Massage","description":"Massoth\u00e9rapie -\u00a0Kin\u00e9sith\u00e9rapie - Orthoth\u00e9rapie \u00e0 Montr\u00e9al","publisher":{"@id":"https:\/\/valhallamassage.ca\/en\/#organization"},"potentialAction":[{"@type":"SearchAction","target":{"@type":"EntryPoint","urlTemplate":"https:\/\/valhallamassage.ca\/en\/?s={search_term_string}"},"query-input":"required name=search_term_string"}],"inLanguage":"en-US"},{"@type":"Organization","@id":"https:\/\/valhallamassage.ca\/en\/#organization","name":"Valhalla Massage","url":"https:\/\/valhallamassage.ca\/en\/","logo":{"@type":"ImageObject","inLanguage":"en-US","@id":"https:\/\/valhallamassage.ca\/en\/#\/schema\/logo\/image\/","url":"https:\/\/valhallamassage.ca\/wp-content\/uploads\/2023\/09\/cropped-logo-valhallamassage-montreal-01-01.png","contentUrl":"https:\/\/valhallamassage.ca\/wp-content\/uploads\/2023\/09\/cropped-logo-valhallamassage-montreal-01-01.png","width":1399,"height":271,"caption":"Valhalla Massage"},"image":{"@id":"https:\/\/valhallamassage.ca\/en\/#\/schema\/logo\/image\/"}}]}},"_links":{"self":[{"href":"https:\/\/valhallamassage.ca\/en\/wp-json\/wp\/v2\/pages\/18055","targetHints":{"allow":["GET"]}}],"collection":[{"href":"https:\/\/valhallamassage.ca\/en\/wp-json\/wp\/v2\/pages"}],"about":[{"href":"https:\/\/valhallamassage.ca\/en\/wp-json\/wp\/v2\/types\/page"}],"author":[{"embeddable":true,"href":"https:\/\/valhallamassage.ca\/en\/wp-json\/wp\/v2\/users\/1"}],"replies":[{"embeddable":true,"href":"https:\/\/valhallamassage.ca\/en\/wp-json\/wp\/v2\/comments?post=18055"}],"version-history":[{"count":54,"href":"https:\/\/valhallamassage.ca\/en\/wp-json\/wp\/v2\/pages\/18055\/revisions"}],"predecessor-version":[{"id":18490,"href":"https:\/\/valhallamassage.ca\/en\/wp-json\/wp\/v2\/pages\/18055\/revisions\/18490"}],"wp:attachment":[{"href":"https:\/\/valhallamassage.ca\/en\/wp-json\/wp\/v2\/media?parent=18055"}],"curies":[{"name":"wp","href":"https:\/\/api.w.org\/{rel}","templated":true}]}}